{"id":964,"date":"2024-11-04T14:09:05","date_gmt":"2024-11-04T14:09:05","guid":{"rendered":"https:\/\/javierjovermarketingonline.com\/services\/"},"modified":"2024-11-21T11:53:25","modified_gmt":"2024-11-21T11:53:25","slug":"servicios","status":"publish","type":"page","link":"https:\/\/javierjovermarketingonline.com\/en\/servicios\/","title":{"rendered":"Servicios"},"content":{"rendered":"<div data-elementor-type=\"wp-page\" data-elementor-id=\"964\" class=\"elementor elementor-964\" data-elementor-post-type=\"page\">\n\t\t\t\t<div class=\"elementor-element elementor-element-7758630f e-flex e-con-boxed e-con e-parent\" data-id=\"7758630f\" data-element_type=\"container\">\n\t\t\t\t\t<div class=\"e-con-inner\">\n\t\t\t\t<div class=\"elementor-element elementor-element-41874874 elementor-widget elementor-widget-image\" data-id=\"41874874\" data-element_type=\"widget\" data-settings=\"{&quot;motion_fx_motion_fx_scrolling&quot;:&quot;yes&quot;,&quot;motion_fx_scale_effect&quot;:&quot;yes&quot;,&quot;motion_fx_scale_speed&quot;:{&quot;unit&quot;:&quot;px&quot;,&quot;size&quot;:2,&quot;sizes&quot;:[]},&quot;motion_fx_scale_range&quot;:{&quot;unit&quot;:&quot;%&quot;,&quot;size&quot;:&quot;&quot;,&quot;sizes&quot;:{&quot;start&quot;:65,&quot;end&quot;:100}},&quot;motion_fx_scale_direction&quot;:&quot;out-in&quot;,&quot;motion_fx_devices&quot;:[&quot;desktop&quot;,&quot;tablet&quot;,&quot;mobile&quot;]}\" data-widget_type=\"image.default\">\n\t\t\t\t<div class=\"elementor-widget-container\">\n\t\t\t\t\t\t\t\t\t\t\t\t\t<img fetchpriority=\"high\" decoding=\"async\" width=\"1080\" height=\"1080\" src=\"https:\/\/javierjovermarketingonline.com\/wp-content\/uploads\/2024\/11\/Diseno-sin-titulo-22.jpg\" class=\"attachment-full size-full wp-image-1240\" alt=\"JAVIER JOVER MARKETING ONLINE\" srcset=\"https:\/\/javierjovermarketingonline.com\/wp-content\/uploads\/2024\/11\/Diseno-sin-titulo-22.jpg 1080w, https:\/\/javierjovermarketingonline.com\/wp-content\/uploads\/2024\/11\/Diseno-sin-titulo-22-300x300.jpg 300w, https:\/\/javierjovermarketingonline.com\/wp-content\/uploads\/2024\/11\/Diseno-sin-titulo-22-1024x1024.jpg 1024w, https:\/\/javierjovermarketingonline.com\/wp-content\/uploads\/2024\/11\/Diseno-sin-titulo-22-150x150.jpg 150w, https:\/\/javierjovermarketingonline.com\/wp-content\/uploads\/2024\/11\/Diseno-sin-titulo-22-768x768.jpg 768w, https:\/\/javierjovermarketingonline.com\/wp-content\/uploads\/2024\/11\/Diseno-sin-titulo-22-12x12.jpg 12w\" sizes=\"(max-width: 1080px) 100vw, 1080px\" \/>\t\t\t\t\t\t\t\t\t\t\t\t\t<\/div>\n\t\t\t\t<\/div>\n\t\t<div class=\"elementor-element elementor-element-2968d830 e-flex e-con-boxed e-con e-child\" data-id=\"2968d830\" data-element_type=\"container\">\n\t\t\t\t\t<div class=\"e-con-inner\">\n\t\t\t\t<div class=\"elementor-element elementor-element-6fc67422 elementor-invisible elementor-widget elementor-widget-text-editor\" data-id=\"6fc67422\" data-element_type=\"widget\" data-settings=\"{&quot;_animation&quot;:&quot;fadeInUp&quot;}\" data-widget_type=\"text-editor.default\">\n\t\t\t\t<div class=\"elementor-widget-container\">\n\t\t\t\t\t\t\t<p>\u00a1Comencemos!<\/p>\t\t\t\t\t\t<\/div>\n\t\t\t\t<\/div>\n\t\t\t\t<div class=\"elementor-element elementor-element-5484ae88 elementor-widget elementor-widget-heading\" data-id=\"5484ae88\" data-element_type=\"widget\" data-widget_type=\"heading.default\">\n\t\t\t\t<div class=\"elementor-widget-container\">\n\t\t\t<h1 class=\"elementor-heading-title elementor-size-default\">Soluciones digitales que enamoran y convierten \ud83d\udcbb\ud83d\udca5<\/h1>\t\t<\/div>\n\t\t\t\t<\/div>\n\t\t\t\t\t<\/div>\n\t\t\t\t<\/div>\n\t\t\t\t\t<\/div>\n\t\t\t\t<\/div>\n\t\t<div class=\"elementor-element elementor-element-439bf7a9 e-flex e-con-boxed e-con e-parent\" data-id=\"439bf7a9\" data-element_type=\"container\">\n\t\t\t\t\t<div class=\"e-con-inner\">\n\t\t<div class=\"elementor-element elementor-element-3dc53122 e-con-full e-flex e-con e-child\" data-id=\"3dc53122\" data-element_type=\"container\">\n\t\t\t\t<div class=\"elementor-element elementor-element-6bb7e049 elementor-widget elementor-widget-heading\" data-id=\"6bb7e049\" data-element_type=\"widget\" data-widget_type=\"heading.default\">\n\t\t\t\t<div class=\"elementor-widget-container\">\n\t\t\t<h2 class=\"elementor-heading-title elementor-size-default\">marketing<\/h2>\t\t<\/div>\n\t\t\t\t<\/div>\n\t\t\t\t<div class=\"elementor-element elementor-element-8ca3ed elementor-widget elementor-widget-text-editor\" data-id=\"8ca3ed\" data-element_type=\"widget\" data-widget_type=\"text-editor.default\">\n\t\t\t\t<div class=\"elementor-widget-container\">\n\t\t\t\t\t\t\t<p>Tu marca necesita ser vista, y yo soy el GPS \ud83d\ude97 Con estrategias frescas y un toque de locura, nos aseguramos de que todos hablen de ti. \u00a1Marketing con actitud!<\/p>\t\t\t\t\t\t<\/div>\n\t\t\t\t<\/div>\n\t\t\t\t<\/div>\n\t\t<div class=\"elementor-element elementor-element-c56647a e-con-full e-flex e-con e-child\" data-id=\"c56647a\" data-element_type=\"container\">\n\t\t<div class=\"elementor-element elementor-element-1ff88a31 e-con-full e-flex e-con e-child\" data-id=\"1ff88a31\" data-element_type=\"container\">\n\t\t\t\t<div class=\"elementor-element elementor-element-4e8f86d6 elementor-widget elementor-widget-heading\" data-id=\"4e8f86d6\" data-element_type=\"widget\" data-widget_type=\"heading.default\">\n\t\t\t\t<div class=\"elementor-widget-container\">\n\t\t\t<h2 class=\"elementor-heading-title elementor-size-default\">Ads<\/h2>\t\t<\/div>\n\t\t\t\t<\/div>\n\t\t\t\t<div class=\"elementor-element elementor-element-67e9a24b elementor-widget elementor-widget-text-editor\" data-id=\"67e9a24b\" data-element_type=\"widget\" data-widget_type=\"text-editor.default\">\n\t\t\t\t<div class=\"elementor-widget-container\">\n\t\t\t\t\t\t\t<p>\u00bfTu presupuesto en ads no da resultados? Yo le doy el giro que necesita. Crearemos campa\u00f1as tan efectivas que hasta Google nos enviar\u00e1 un agradecimiento. \u00a1Clics garantizados!<\/p>\t\t\t\t\t\t<\/div>\n\t\t\t\t<\/div>\n\t\t\t\t<\/div>\n\t\t<div class=\"elementor-element elementor-element-6f680511 e-con-full e-flex e-con e-child\" data-id=\"6f680511\" data-element_type=\"container\">\n\t\t\t\t<div class=\"elementor-element elementor-element-4a8744e2 elementor-widget elementor-widget-heading\" data-id=\"4a8744e2\" data-element_type=\"widget\" data-widget_type=\"heading.default\">\n\t\t\t\t<div class=\"elementor-widget-container\">\n\t\t\t<h2 class=\"elementor-heading-title elementor-size-default\">Creaci\u00f3n de contenido<\/h2>\t\t<\/div>\n\t\t\t\t<\/div>\n\t\t\t\t<div class=\"elementor-element elementor-element-64b68728 elementor-widget elementor-widget-text-editor\" data-id=\"64b68728\" data-element_type=\"widget\" data-widget_type=\"text-editor.default\">\n\t\t\t\t<div class=\"elementor-widget-container\">\n\t\t\t\t\t\t\t<p>El contenido es rey, pero yo soy el mago que lo convierte en oro. Te ayudo a contar historias que atrapan, conectan y venden. \u00a1Que no te tiemble el pulso!<\/p>\t\t\t\t\t\t<\/div>\n\t\t\t\t<\/div>\n\t\t\t\t<\/div>\n\t\t<div class=\"elementor-element elementor-element-49b2abb6 e-con-full e-flex e-con e-child\" data-id=\"49b2abb6\" data-element_type=\"container\">\n\t\t\t\t<div class=\"elementor-element elementor-element-254171f4 elementor-widget elementor-widget-heading\" data-id=\"254171f4\" data-element_type=\"widget\" data-widget_type=\"heading.default\">\n\t\t\t\t<div class=\"elementor-widget-container\">\n\t\t\t<h2 class=\"elementor-heading-title elementor-size-default\">Marketing Automation<\/h2>\t\t<\/div>\n\t\t\t\t<\/div>\n\t\t\t\t<div class=\"elementor-element elementor-element-358486f elementor-widget elementor-widget-text-editor\" data-id=\"358486f\" data-element_type=\"widget\" data-widget_type=\"text-editor.default\">\n\t\t\t\t<div class=\"elementor-widget-container\">\n\t\t\t\t\t\t\t<p>Deja que la tecnolog\u00eda trabaje por ti. Con el marketing automation, tus clientes recibir\u00e1n el mensaje correcto en el momento perfecto, \u00a1y t\u00fa solo tendr\u00e1s que disfrutar de los resultados!<\/p>\t\t\t\t\t\t<\/div>\n\t\t\t\t<\/div>\n\t\t\t\t<\/div>\n\t\t<div class=\"elementor-element elementor-element-45b108f5 e-con-full e-flex e-con e-child\" data-id=\"45b108f5\" data-element_type=\"container\">\n\t\t\t\t<div class=\"elementor-element elementor-element-49579de4 elementor-widget elementor-widget-heading\" data-id=\"49579de4\" data-element_type=\"widget\" data-widget_type=\"heading.default\">\n\t\t\t\t<div class=\"elementor-widget-container\">\n\t\t\t<h2 class=\"elementor-heading-title elementor-size-default\">SEO<\/h2>\t\t<\/div>\n\t\t\t\t<\/div>\n\t\t\t\t<div class=\"elementor-element elementor-element-6e97ee12 elementor-widget elementor-widget-text-editor\" data-id=\"6e97ee12\" data-element_type=\"widget\" data-widget_type=\"text-editor.default\">\n\t\t\t\t<div class=\"elementor-widget-container\">\n\t\t\t\t\t\t\t<p>El SEO no es magia, pero casi. Te ayudo a escalar posiciones en Google sin trucos, solo con estrategias que hacen que tu web brille. \u00a1Que te encuentren, que te elijan!<\/p>\t\t\t\t\t\t<\/div>\n\t\t\t\t<\/div>\n\t\t\t\t<\/div>\n\t\t<div class=\"elementor-element elementor-element-1c7068ff e-con-full e-flex e-con e-child\" data-id=\"1c7068ff\" data-element_type=\"container\">\n\t\t\t\t<div class=\"elementor-element elementor-element-412bf55d elementor-widget elementor-widget-heading\" data-id=\"412bf55d\" data-element_type=\"widget\" data-widget_type=\"heading.default\">\n\t\t\t\t<div class=\"elementor-widget-container\">\n\t\t\t<h2 class=\"elementor-heading-title elementor-size-default\">CRO<\/h2>\t\t<\/div>\n\t\t\t\t<\/div>\n\t\t\t\t<div class=\"elementor-element elementor-element-6847b97b elementor-widget elementor-widget-text-editor\" data-id=\"6847b97b\" data-element_type=\"widget\" data-widget_type=\"text-editor.default\">\n\t\t\t\t<div class=\"elementor-widget-container\">\n\t\t\t\t\t\t\t<p>Si las visitas no se convierten en ventas, algo no est\u00e1 funcionando. \u00a1Vamos a darle un empuj\u00f3n a tu web para que cada clic cuente y cada visitante se quede!<\/p>\t\t\t\t\t\t<\/div>\n\t\t\t\t<\/div>\n\t\t\t\t<\/div>\n\t\t<div class=\"elementor-element elementor-element-7a1f7d1c e-con-full e-flex e-con e-child\" data-id=\"7a1f7d1c\" data-element_type=\"container\">\n\t\t\t\t<div class=\"elementor-element elementor-element-4d8c9c9 elementor-widget elementor-widget-heading\" data-id=\"4d8c9c9\" data-element_type=\"widget\" data-widget_type=\"heading.default\">\n\t\t\t\t<div class=\"elementor-widget-container\">\n\t\t\t<h2 class=\"elementor-heading-title elementor-size-default\">Email Marketing<\/h2>\t\t<\/div>\n\t\t\t\t<\/div>\n\t\t\t\t<div class=\"elementor-element elementor-element-51d7141f elementor-widget elementor-widget-text-editor\" data-id=\"51d7141f\" data-element_type=\"widget\" data-widget_type=\"text-editor.default\">\n\t\t\t\t<div class=\"elementor-widget-container\">\n\t\t\t\t\t\t\t<p>Tu bandeja de entrada nunca fue tan interesante. Con campa\u00f1as de email marketing que enganchan y convierten, tus clientes estar\u00e1n esperando el pr\u00f3ximo mensaje. \u00a1Haz que cada click cuente!<\/p>\t\t\t\t\t\t<\/div>\n\t\t\t\t<\/div>\n\t\t\t\t<\/div>\n\t\t\t\t<\/div>\n\t\t\t\t\t<\/div>\n\t\t\t\t<\/div>\n\t\t<div class=\"elementor-element elementor-element-4cebba94 e-flex e-con-boxed e-con e-parent\" data-id=\"4cebba94\" data-element_type=\"container\">\n\t\t\t\t\t<div class=\"e-con-inner\">\n\t\t<div class=\"elementor-element elementor-element-78fe3f14 e-con-full e-flex e-con e-child\" data-id=\"78fe3f14\" data-element_type=\"container\">\n\t\t<div class=\"elementor-element elementor-element-9133592 e-con-full e-flex e-con e-child\" data-id=\"9133592\" data-element_type=\"container\">\n\t\t\t\t<div class=\"elementor-element elementor-element-65943eb1 elementor-widget elementor-widget-heading\" data-id=\"65943eb1\" data-element_type=\"widget\" data-widget_type=\"heading.default\">\n\t\t\t\t<div class=\"elementor-widget-container\">\n\t\t\t<h2 class=\"elementor-heading-title elementor-size-default\">Dise\u00f1o Web<\/h2>\t\t<\/div>\n\t\t\t\t<\/div>\n\t\t\t\t<div class=\"elementor-element elementor-element-2f874cae elementor-widget elementor-widget-text-editor\" data-id=\"2f874cae\" data-element_type=\"widget\" data-widget_type=\"text-editor.default\">\n\t\t\t\t<div class=\"elementor-widget-container\">\n\t\t\t\t\t\t\t<p>Tu web no solo debe funcionar, \u00a1debe deslumbrar! Dise\u00f1o web que no solo se ve bien, sino que convierte, cautiva y hace que tus visitantes quieran quedarse.<\/p>\t\t\t\t\t\t<\/div>\n\t\t\t\t<\/div>\n\t\t\t\t<\/div>\n\t\t<div class=\"elementor-element elementor-element-2379ffbf e-con-full e-flex e-con e-child\" data-id=\"2379ffbf\" data-element_type=\"container\">\n\t\t\t\t<div class=\"elementor-element elementor-element-48b4f57f elementor-widget elementor-widget-heading\" data-id=\"48b4f57f\" data-element_type=\"widget\" data-widget_type=\"heading.default\">\n\t\t\t\t<div class=\"elementor-widget-container\">\n\t\t\t<h2 class=\"elementor-heading-title elementor-size-default\">Ecommerce<\/h2>\t\t<\/div>\n\t\t\t\t<\/div>\n\t\t\t\t<div class=\"elementor-element elementor-element-2a4c260f elementor-widget elementor-widget-text-editor\" data-id=\"2a4c260f\" data-element_type=\"widget\" data-widget_type=\"text-editor.default\">\n\t\t\t\t<div class=\"elementor-widget-container\">\n\t\t\t\t\t\t\t<p>\u00bfTu tienda online necesita m\u00e1s ventas? \u00a1Lo tengo cubierto! Estrategia y dise\u00f1o que convierte clics en compras y hace que tus clientes vuelvan por m\u00e1s.<\/p>\t\t\t\t\t\t<\/div>\n\t\t\t\t<\/div>\n\t\t\t\t<\/div>\n\t\t<div class=\"elementor-element elementor-element-3be1de66 e-con-full e-flex e-con e-child\" data-id=\"3be1de66\" data-element_type=\"container\">\n\t\t\t\t<div class=\"elementor-element elementor-element-2a2405ff elementor-widget elementor-widget-heading\" data-id=\"2a2405ff\" data-element_type=\"widget\" data-widget_type=\"heading.default\">\n\t\t\t\t<div class=\"elementor-widget-container\">\n\t\t\t<h2 class=\"elementor-heading-title elementor-size-default\">Experiencia de usuario<\/h2>\t\t<\/div>\n\t\t\t\t<\/div>\n\t\t\t\t<div class=\"elementor-element elementor-element-6d1d3ccb elementor-widget elementor-widget-text-editor\" data-id=\"6d1d3ccb\" data-element_type=\"widget\" data-widget_type=\"text-editor.default\">\n\t\t\t\t<div class=\"elementor-widget-container\">\n\t\t\t\t\t\t\t<p>Lorem ipsum dolor sit amet, consectetur adipiscing elit. Ut elit tellus, luctus nec ullamcorper mattis, pulvinar dapibus leo.<\/p>\t\t\t\t\t\t<\/div>\n\t\t\t\t<\/div>\n\t\t\t\t<\/div>\n\t\t<div class=\"elementor-element elementor-element-2da99e06 e-con-full e-flex e-con e-child\" data-id=\"2da99e06\" data-element_type=\"container\">\n\t\t\t\t<div class=\"elementor-element elementor-element-1b2f3ec7 elementor-widget elementor-widget-heading\" data-id=\"1b2f3ec7\" data-element_type=\"widget\" data-widget_type=\"heading.default\">\n\t\t\t\t<div class=\"elementor-widget-container\">\n\t\t\t<h2 class=\"elementor-heading-title elementor-size-default\">Mantenimiento Web<\/h2>\t\t<\/div>\n\t\t\t\t<\/div>\n\t\t\t\t<div class=\"elementor-element elementor-element-c3383b elementor-widget elementor-widget-text-editor\" data-id=\"c3383b\" data-element_type=\"widget\" data-widget_type=\"text-editor.default\">\n\t\t\t\t<div class=\"elementor-widget-container\">\n\t\t\t\t\t\t\t<p>Lorem ipsum dolor sit amet, consectetur adipiscing elit. Ut elit tellus, luctus nec ullamcorper mattis, pulvinar dapibus leo.<\/p>\t\t\t\t\t\t<\/div>\n\t\t\t\t<\/div>\n\t\t\t\t<\/div>\n\t\t\t\t<\/div>\n\t\t<div class=\"elementor-element elementor-element-280d8b05 e-con-full e-flex e-con e-child\" data-id=\"280d8b05\" data-element_type=\"container\">\n\t\t\t\t<div class=\"elementor-element elementor-element-6b07e26d elementor-widget elementor-widget-heading\" data-id=\"6b07e26d\" data-element_type=\"widget\" data-widget_type=\"heading.default\">\n\t\t\t\t<div class=\"elementor-widget-container\">\n\t\t\t<h2 class=\"elementor-heading-title elementor-size-default\">Creatividad &amp; Dise\u00f1o<\/h2>\t\t<\/div>\n\t\t\t\t<\/div>\n\t\t\t\t<div class=\"elementor-element elementor-element-266e841b elementor-widget elementor-widget-text-editor\" data-id=\"266e841b\" data-element_type=\"widget\" data-widget_type=\"text-editor.default\">\n\t\t\t\t<div class=\"elementor-widget-container\">\n\t\t\t\t\t\t\t<p>\u00a1Deja que tus ideas brillen! Dise\u00f1o creativo que hace que tu marca destaque, atraiga miradas y robe corazones \ud83d\udda4<\/p>\t\t\t\t\t\t<\/div>\n\t\t\t\t<\/div>\n\t\t\t\t<\/div>\n\t\t\t\t\t<\/div>\n\t\t\t\t<\/div>\n\t\t\t\t<\/div>","protected":false},"excerpt":{"rendered":"<p>\u00a1Comencemos! Soluciones digitales que enamoran y convierten \ud83d\udcbb\ud83d\udca5 marketing Tu marca necesita ser vista, y yo soy el GPS \ud83d\ude97 Con estrategias frescas y un toque de locura, nos aseguramos de que todos hablen de ti. \u00a1Marketing con actitud! Ads \u00bfTu presupuesto en ads no da resultados? Yo le doy el giro que necesita. Crearemos [&hellip;]<\/p>","protected":false},"author":1,"featured_media":968,"parent":0,"menu_order":0,"comment_status":"closed","ping_status":"closed","template":"elementor_header_footer","meta":{"_themeisle_gutenberg_block_has_review":false,"footnotes":""},"class_list":["post-964","page","type-page","status-publish","has-post-thumbnail","hentry"],"yoast_head":"<!-- This site is optimized with the Yoast SEO plugin v23.2 - https:\/\/yoast.com\/wordpress\/plugins\/seo\/ -->\n<title>Servicios - P\u00e1gina web Javier Jover<\/title>\n<meta name=\"robots\" content=\"index, follow, max-snippet:-1, max-image-preview:large, max-video-preview:-1\" \/>\n<link rel=\"canonical\" href=\"https:\/\/javierjovermarketingonline.com\/en\/servicios\/\" \/>\n<meta property=\"og:locale\" content=\"en_GB\" \/>\n<meta property=\"og:type\" content=\"article\" \/>\n<meta property=\"og:title\" content=\"Servicios - P\u00e1gina web Javier Jover\" \/>\n<meta property=\"og:description\" content=\"\u00a1Comencemos! Soluciones digitales que enamoran y convierten \ud83d\udcbb\ud83d\udca5 marketing Tu marca necesita ser vista, y yo soy el GPS \ud83d\ude97 Con estrategias frescas y un toque de locura, nos aseguramos de que todos hablen de ti. \u00a1Marketing con actitud! Ads \u00bfTu presupuesto en ads no da resultados? Yo le doy el giro que necesita. Crearemos [&hellip;]\" \/>\n<meta property=\"og:url\" content=\"https:\/\/javierjovermarketingonline.com\/en\/servicios\/\" \/>\n<meta property=\"og:site_name\" content=\"P\u00e1gina web Javier Jover\" \/>\n<meta property=\"article:modified_time\" content=\"2024-11-21T11:53:25+00:00\" \/>\n<meta property=\"og:image\" content=\"https:\/\/javierjovermarketingonline.com\/wp-content\/uploads\/2024\/11\/Digital-Marketing-Agency-Services.jpg\" \/>\n\t<meta property=\"og:image:width\" content=\"400\" \/>\n\t<meta property=\"og:image:height\" content=\"380\" \/>\n\t<meta property=\"og:image:type\" content=\"image\/jpeg\" \/>\n<meta name=\"twitter:card\" content=\"summary_large_image\" \/>\n<meta name=\"twitter:label1\" content=\"Estimated reading time\" \/>\n\t<meta name=\"twitter:data1\" content=\"2 minutes\" \/>\n<script type=\"application\/ld+json\" class=\"yoast-schema-graph\">{\"@context\":\"https:\/\/schema.org\",\"@graph\":[{\"@type\":\"WebPage\",\"@id\":\"https:\/\/javierjovermarketingonline.com\/en\/servicios\/\",\"url\":\"https:\/\/javierjovermarketingonline.com\/en\/servicios\/\",\"name\":\"Servicios - P\u00e1gina web Javier Jover\",\"isPartOf\":{\"@id\":\"https:\/\/javierjovermarketingonline.com\/en\/#website\"},\"primaryImageOfPage\":{\"@id\":\"https:\/\/javierjovermarketingonline.com\/en\/servicios\/#primaryimage\"},\"image\":{\"@id\":\"https:\/\/javierjovermarketingonline.com\/en\/servicios\/#primaryimage\"},\"thumbnailUrl\":\"https:\/\/javierjovermarketingonline.com\/wp-content\/uploads\/2024\/11\/Digital-Marketing-Agency-Services.jpg\",\"datePublished\":\"2024-11-04T14:09:05+00:00\",\"dateModified\":\"2024-11-21T11:53:25+00:00\",\"breadcrumb\":{\"@id\":\"https:\/\/javierjovermarketingonline.com\/en\/servicios\/#breadcrumb\"},\"inLanguage\":\"en-GB\",\"potentialAction\":[{\"@type\":\"ReadAction\",\"target\":[\"https:\/\/javierjovermarketingonline.com\/en\/servicios\/\"]}]},{\"@type\":\"ImageObject\",\"inLanguage\":\"en-GB\",\"@id\":\"https:\/\/javierjovermarketingonline.com\/en\/servicios\/#primaryimage\",\"url\":\"https:\/\/javierjovermarketingonline.com\/wp-content\/uploads\/2024\/11\/Digital-Marketing-Agency-Services.jpg\",\"contentUrl\":\"https:\/\/javierjovermarketingonline.com\/wp-content\/uploads\/2024\/11\/Digital-Marketing-Agency-Services.jpg\",\"width\":400,\"height\":380},{\"@type\":\"BreadcrumbList\",\"@id\":\"https:\/\/javierjovermarketingonline.com\/en\/servicios\/#breadcrumb\",\"itemListElement\":[{\"@type\":\"ListItem\",\"position\":1,\"name\":\"Portada\",\"item\":\"https:\/\/javierjovermarketingonline.com\/en\/\"},{\"@type\":\"ListItem\",\"position\":2,\"name\":\"Servicios\"}]},{\"@type\":\"WebSite\",\"@id\":\"https:\/\/javierjovermarketingonline.com\/en\/#website\",\"url\":\"https:\/\/javierjovermarketingonline.com\/en\/\",\"name\":\"Javier Jover marketing online\",\"description\":\"Marketing Online\",\"publisher\":{\"@id\":\"https:\/\/javierjovermarketingonline.com\/en\/#\/schema\/person\/7eb68f41539d8d6d644e2b58cbb8f7d9\"},\"potentialAction\":[{\"@type\":\"SearchAction\",\"target\":{\"@type\":\"EntryPoint\",\"urlTemplate\":\"https:\/\/javierjovermarketingonline.com\/en\/?s={search_term_string}\"},\"query-input\":\"required name=search_term_string\"}],\"inLanguage\":\"en-GB\"},{\"@type\":[\"Person\",\"Organization\"],\"@id\":\"https:\/\/javierjovermarketingonline.com\/en\/#\/schema\/person\/7eb68f41539d8d6d644e2b58cbb8f7d9\",\"name\":\"Javi_Marketing\",\"image\":{\"@type\":\"ImageObject\",\"inLanguage\":\"en-GB\",\"@id\":\"https:\/\/javierjovermarketingonline.com\/en\/#\/schema\/person\/image\/\",\"url\":\"https:\/\/javierjovermarketingonline.com\/wp-content\/uploads\/2025\/02\/cropped-Proyecto-nuevo-14.png\",\"contentUrl\":\"https:\/\/javierjovermarketingonline.com\/wp-content\/uploads\/2025\/02\/cropped-Proyecto-nuevo-14.png\",\"width\":1000,\"height\":286,\"caption\":\"Javi_Marketing\"},\"logo\":{\"@id\":\"https:\/\/javierjovermarketingonline.com\/en\/#\/schema\/person\/image\/\"},\"sameAs\":[\"http:\/\/javierjovermarketingonline.com\"]}]}<\/script>\n<!-- \/ Yoast SEO plugin. -->","yoast_head_json":{"title":"Servicios - P\u00e1gina web Javier Jover","robots":{"index":"index","follow":"follow","max-snippet":"max-snippet:-1","max-image-preview":"max-image-preview:large","max-video-preview":"max-video-preview:-1"},"canonical":"https:\/\/javierjovermarketingonline.com\/en\/servicios\/","og_locale":"en_GB","og_type":"article","og_title":"Servicios - P\u00e1gina web Javier Jover","og_description":"\u00a1Comencemos! Soluciones digitales que enamoran y convierten \ud83d\udcbb\ud83d\udca5 marketing Tu marca necesita ser vista, y yo soy el GPS \ud83d\ude97 Con estrategias frescas y un toque de locura, nos aseguramos de que todos hablen de ti. \u00a1Marketing con actitud! Ads \u00bfTu presupuesto en ads no da resultados? Yo le doy el giro que necesita. Crearemos [&hellip;]","og_url":"https:\/\/javierjovermarketingonline.com\/en\/servicios\/","og_site_name":"P\u00e1gina web Javier Jover","article_modified_time":"2024-11-21T11:53:25+00:00","og_image":[{"width":400,"height":380,"url":"https:\/\/javierjovermarketingonline.com\/wp-content\/uploads\/2024\/11\/Digital-Marketing-Agency-Services.jpg","type":"image\/jpeg"}],"twitter_card":"summary_large_image","twitter_misc":{"Estimated reading time":"2 minutes"},"schema":{"@context":"https:\/\/schema.org","@graph":[{"@type":"WebPage","@id":"https:\/\/javierjovermarketingonline.com\/en\/servicios\/","url":"https:\/\/javierjovermarketingonline.com\/en\/servicios\/","name":"Servicios - P\u00e1gina web Javier Jover","isPartOf":{"@id":"https:\/\/javierjovermarketingonline.com\/en\/#website"},"primaryImageOfPage":{"@id":"https:\/\/javierjovermarketingonline.com\/en\/servicios\/#primaryimage"},"image":{"@id":"https:\/\/javierjovermarketingonline.com\/en\/servicios\/#primaryimage"},"thumbnailUrl":"https:\/\/javierjovermarketingonline.com\/wp-content\/uploads\/2024\/11\/Digital-Marketing-Agency-Services.jpg","datePublished":"2024-11-04T14:09:05+00:00","dateModified":"2024-11-21T11:53:25+00:00","breadcrumb":{"@id":"https:\/\/javierjovermarketingonline.com\/en\/servicios\/#breadcrumb"},"inLanguage":"en-GB","potentialAction":[{"@type":"ReadAction","target":["https:\/\/javierjovermarketingonline.com\/en\/servicios\/"]}]},{"@type":"ImageObject","inLanguage":"en-GB","@id":"https:\/\/javierjovermarketingonline.com\/en\/servicios\/#primaryimage","url":"https:\/\/javierjovermarketingonline.com\/wp-content\/uploads\/2024\/11\/Digital-Marketing-Agency-Services.jpg","contentUrl":"https:\/\/javierjovermarketingonline.com\/wp-content\/uploads\/2024\/11\/Digital-Marketing-Agency-Services.jpg","width":400,"height":380},{"@type":"BreadcrumbList","@id":"https:\/\/javierjovermarketingonline.com\/en\/servicios\/#breadcrumb","itemListElement":[{"@type":"ListItem","position":1,"name":"Portada","item":"https:\/\/javierjovermarketingonline.com\/en\/"},{"@type":"ListItem","position":2,"name":"Servicios"}]},{"@type":"WebSite","@id":"https:\/\/javierjovermarketingonline.com\/en\/#website","url":"https:\/\/javierjovermarketingonline.com\/en\/","name":"Javier Jover marketing online","description":"Marketing Online","publisher":{"@id":"https:\/\/javierjovermarketingonline.com\/en\/#\/schema\/person\/7eb68f41539d8d6d644e2b58cbb8f7d9"},"potentialAction":[{"@type":"SearchAction","target":{"@type":"EntryPoint","urlTemplate":"https:\/\/javierjovermarketingonline.com\/en\/?s={search_term_string}"},"query-input":"required name=search_term_string"}],"inLanguage":"en-GB"},{"@type":["Person","Organization"],"@id":"https:\/\/javierjovermarketingonline.com\/en\/#\/schema\/person\/7eb68f41539d8d6d644e2b58cbb8f7d9","name":"Javi_Marketing","image":{"@type":"ImageObject","inLanguage":"en-GB","@id":"https:\/\/javierjovermarketingonline.com\/en\/#\/schema\/person\/image\/","url":"https:\/\/javierjovermarketingonline.com\/wp-content\/uploads\/2025\/02\/cropped-Proyecto-nuevo-14.png","contentUrl":"https:\/\/javierjovermarketingonline.com\/wp-content\/uploads\/2025\/02\/cropped-Proyecto-nuevo-14.png","width":1000,"height":286,"caption":"Javi_Marketing"},"logo":{"@id":"https:\/\/javierjovermarketingonline.com\/en\/#\/schema\/person\/image\/"},"sameAs":["http:\/\/javierjovermarketingonline.com"]}]}},"_links":{"self":[{"href":"https:\/\/javierjovermarketingonline.com\/en\/wp-json\/wp\/v2\/pages\/964","targetHints":{"allow":["GET"]}}],"collection":[{"href":"https:\/\/javierjovermarketingonline.com\/en\/wp-json\/wp\/v2\/pages"}],"about":[{"href":"https:\/\/javierjovermarketingonline.com\/en\/wp-json\/wp\/v2\/types\/page"}],"author":[{"embeddable":true,"href":"https:\/\/javierjovermarketingonline.com\/en\/wp-json\/wp\/v2\/users\/1"}],"replies":[{"embeddable":true,"href":"https:\/\/javierjovermarketingonline.com\/en\/wp-json\/wp\/v2\/comments?post=964"}],"version-history":[{"count":35,"href":"https:\/\/javierjovermarketingonline.com\/en\/wp-json\/wp\/v2\/pages\/964\/revisions"}],"predecessor-version":[{"id":1243,"href":"https:\/\/javierjovermarketingonline.com\/en\/wp-json\/wp\/v2\/pages\/964\/revisions\/1243"}],"wp:featuredmedia":[{"embeddable":true,"href":"https:\/\/javierjovermarketingonline.com\/en\/wp-json\/wp\/v2\/media\/968"}],"wp:attachment":[{"href":"https:\/\/javierjovermarketingonline.com\/en\/wp-json\/wp\/v2\/media?parent=964"}],"curies":[{"name":"wp","href":"https:\/\/api.w.org\/{rel}","templated":true}]}}